{"id":2198,"date":"2021-06-18T01:43:09","date_gmt":"2021-06-18T01:43:09","guid":{"rendered":"http:\/\/adolfoviciana.com\/?page_id=2198"},"modified":"2021-06-28T19:11:22","modified_gmt":"2021-06-28T19:11:22","slug":"sobre-mi","status":"publish","type":"page","link":"https:\/\/adolfoviciana.com\/index.php\/sobre-mi\/","title":{"rendered":"Sobre mi"},"content":{"rendered":"<div class=\"brz-root__container brz-reset-all\">\n<section data-uid=\"kkcgtkyqxkxehzjlgulglggjezfxyhwxvtey\" id=\"kkcgtkyqxkxehzjlgulglggjezfxyhwxvtey\" class=\"brz-section brz-css-biozk\">\n<div class=\"brz-section__content brz-section--fullWidth brz-css-vluql brz-css-pxdsc\" data-custom-id=\"qdpslqzicaasxloemqjmvbwpocjpgpdmjspy\">\n<div class=\"brz-bg\">\n<div class=\"brz-bg-color\"><\/div>\n<\/div>\n<div class=\"brz-container brz-css-qdspd brz-css-qptpn\">\n<div class=\"brz-row__container brz-css-yogpb\" data-custom-id=\"kvkwrjzsxiedtjbodqyhekasovnurggwwfma\">\n<div class=\"brz-row brz-css-gbyqq brz-css-cptro\">\n<div class=\"brz-columns brz-css-ktnod brz-css-dkcrx\" data-custom-id=\"boekbrnachyuoynqzzkufebtsgsxpnhatymc\">\n<div class=\"brz-bg\"><\/div>\n<div class=\"brz-column__items brz-css-ylekd brz-css-ufkgm\">\n<div class=\"brz-css-rreby brz-css-grinj brz-wrapper\">\n<div class=\"brz-rich-text brz-css-aadxr\" data-custom-id=\"lubwlpzeysgptajeydflcjzwfannopsjezwa\">\n<p class=\"brz-text-lg-right brz-fs-sm-30 brz-ls-lg-m_1_5 brz-ff-montserrat brz-fs-lg-34 brz-fw-lg-400 brz-lh-lg-1 brz-text-xs-left brz-fs-xs-30 brz-mt-lg-10 brz-mb-lg-0\"><span style=\"color: rgb(0, 0, 0); opacity: 0.32;\">\u00a0Adolfo Viciana Abad<\/span><\/p>\n<\/div>\n<\/div>\n<div class=\"brz-css-rreby brz-css-eiqhh brz-wrapper\">\n<div class=\"brz-line brz-css-fhncb brz-css-otfau\" data-custom-id=\"vguusimzqthxyodcnwlrjztaefvzetvpeump\">\n<hr class=\"brz-hr\" \/><\/div>\n<\/div>\n<div class=\"brz-css-rreby brz-css-gcekf brz-wrapper\">\n<div class=\"brz-rich-text brz-css-aadxr\" data-custom-id=\"dmsijjangbeelfxcnvkhxydnkbnzaeduameu\">\n<p class=\"brz-text-xs-left brz-text-lg-right brz-lh-lg-1_6 brz-lh-sm-im-1_6 brz-lh-xs-im-1_6 brz-ls-lg-0 brz-ls-sm-im-0 brz-ls-xs-im-0 brz-ff-overpass brz-ft-google brz-fw-lg-700 brz-fw-sm-im-700 brz-fw-xs-im-700 brz-fs-lg-17 brz-fs-sm-im-19 brz-fs-xs-im-17\"><strong style=\"opacity: 0.48; color: rgb(139, 139, 139);\">ARQUITECTO  <\/strong><\/p>\n<\/div>\n<\/div>\n<\/div>\n<\/div>\n<div class=\"brz-columns brz-css-ktnod brz-css-admdv\" data-custom-id=\"stgyzlwdnytqvegkgthpvqrdhjytonaeczhw\">\n<div class=\"brz-column__items brz-css-ylekd brz-css-zgoxh\">\n<div class=\"brz-css-rreby brz-wrapper\">\n<div class=\"brz-rich-text brz-css-aadxr\" data-custom-id=\"vdnhrxvmvpmnuttuiololqgxvpieqkpipcpg\">\n<p class=\"brz-lh-lg-1_9 brz-lh-sm-im-1_6 brz-lh-xs-im-1_6 brz-ls-lg-0 brz-ls-sm-im-0 brz-ls-xs-im-0 brz-ff-montserrat brz-ft-google brz-fw-lg-400 brz-fw-sm-im-400 brz-fw-xs-im-400 brz-text-lg-justify brz-fs-lg-15 brz-fs-sm-im-14 brz-fs-xs-im-14\"><strong style=\"color: rgb(62, 62, 62); opacity: 0.74;\">Arquitecto<\/strong> por la <em>E.T.S de Arquitectura de Granada (2010-2016)<\/em> y especialista en el dise\u00f1o de proyectos eficientes tras haber realizado el <strong style=\"opacity: 0.79; color: rgb(62, 62, 62);\">M\u00e1ster <\/strong>Universitario en \u00abProyectos Arquitect\u00f3nicos: Dise\u00f1o Ambiental y Nuevas Tecnolog\u00edas\u00bb en la <em>E.T.S de Arquitectura de M\u00e1laga (2018). Adem\u00e1s, <\/em>dispongo de formaci\u00f3n <strong style=\"opacity: 0.78; color: rgb(62, 62, 62);\">BIM<\/strong> con <em>Autodesk Revit<\/em> certificada por la empresa <em>\u201cbuildingSMART. Spanish Chapter\u201d <\/em><\/p>\n<\/div>\n<\/div>\n<div class=\"brz-css-rreby brz-wrapper\">\n<div class=\"brz-rich-text brz-css-aadxr\" data-custom-id=\"tbipbdhuqmnqcraszpxmjxpxquttsajsbazp\">\n<p class=\"brz-fw-xs-im-400 brz-fw-sm-im-400 brz-fw-lg-400 brz-ft-google brz-ff-montserrat brz-ls-xs-im-0 brz-ls-sm-im-0 brz-ls-lg-0 brz-lh-xs-im-1_6 brz-lh-sm-im-1_6 brz-lh-lg-1_9 brz-fs-lg-15 brz-fs-sm-im-14 brz-fs-xs-im-14 brz-text-lg-justify\">Me apasiona mi profesi\u00f3n. Disfruto desde las fases iniciales del proyecto a la posterior definici\u00f3n constructiva del mismo, consider\u00e1ndome una persona con buenas dotes organizativas y de planificaci\u00f3n, adem\u00e1s de habilidoso con los distintos softwares relacionados con el \u00e1mbito de la arquitectura y estando siempre abierto a aprender una nueva forma de trabajar.<\/p>\n<\/div>\n<\/div>\n<\/div>\n<\/div>\n<div class=\"brz-columns brz-css-ktnod brz-css-dpmcn\" data-custom-id=\"wqlsawqeoakwcmtprhjxdfwuocvnkukyyulk\">\n<div class=\"brz-column__items brz-css-ylekd brz-css-uypia\">\n<div class=\"brz-css-rreby brz-css-zoevk brz-css-mkvuj brz-wrapper\">\n<div class=\"brz-spacer brz-css-nhbqw brz-css-fptvp\"><\/div>\n<\/div>\n<div class=\"brz-css-rreby brz-css-aaysv brz-wrapper\">\n<div class=\"brz-image brz-css-sicgu\"><a class=\"brz-a\" href=\"https:\/\/adolfoviciana.com\/wp-content\/uploads\/brizy\/2198\/assets\/images\/iW=5000&#038;iH=any\/ADOLFO6_Retoque-adolf-scaled.jpg\" data-brz-link-type=\"lightBox\" data-custom-id=\"uooqfnydvziojrkkarrugsdizwryezvtjfcu\"><picture class=\"brz-picture brz-d-block brz-p-relative brz-css-ohpup\"><source srcset=\"https:\/\/adolfoviciana.com\/wp-content\/uploads\/brizy\/2198\/assets\/images\/iW=1018&#038;iH=573&#038;oX=148&#038;oY=0&#038;cW=722&#038;cH=573\/ADOLFO6_Retoque-adolf-scaled.jpg 1x, https:\/\/adolfoviciana.com\/wp-content\/uploads\/brizy\/2198\/assets\/images\/iW=2036&#038;iH=1146&#038;oX=296&#038;oY=0&#038;cW=1444&#038;cH=1146\/ADOLFO6_Retoque-adolf-scaled.jpg 2x\" media=\"(min-width: 992px)\" \/><source srcset=\"https:\/\/adolfoviciana.com\/wp-content\/uploads\/brizy\/2198\/assets\/images\/iW=998&#038;iH=562&#038;oX=145&#038;oY=0&#038;cW=708&#038;cH=562\/ADOLFO6_Retoque-adolf-scaled.jpg 1x, https:\/\/adolfoviciana.com\/wp-content\/uploads\/brizy\/2198\/assets\/images\/iW=1996&#038;iH=1124&#038;oX=290&#038;oY=0&#038;cW=1416&#038;cH=1124\/ADOLFO6_Retoque-adolf-scaled.jpg 2x\" media=\"(min-width: 768px)\" \/><img class=\"brz-img brz-p-absolute\" srcset=\"https:\/\/adolfoviciana.com\/wp-content\/uploads\/brizy\/2198\/assets\/images\/iW=594&#038;iH=334&#038;oX=107&#038;oY=28&#038;cW=380&#038;cH=246\/ADOLFO6_Retoque-adolf-scaled.jpg 1x, https:\/\/adolfoviciana.com\/wp-content\/uploads\/brizy\/2198\/assets\/images\/iW=1188&#038;iH=668&#038;oX=214&#038;oY=56&#038;cW=760&#038;cH=492\/ADOLFO6_Retoque-adolf-scaled.jpg 2x\" src=\"https:\/\/adolfoviciana.com\/wp-content\/uploads\/brizy\/2198\/assets\/images\/iW=1018&#038;iH=573&#038;oX=148&#038;oY=0&#038;cW=722&#038;cH=573\/ADOLFO6_Retoque-adolf-scaled.jpg\" alt=\"\" draggable=\"false\" loading=\"lazy\" \/><\/picture><\/a><\/div>\n<\/div>\n<\/div>\n<\/div>\n<\/div>\n<\/div>\n<\/div>\n<\/div>\n<\/section>\n<\/div>\n<p><!-- version:1687296721 --><\/p>\n","protected":false},"excerpt":{"rendered":"<p>\u00a0Adolfo Viciana Abad ARQUITECTO Arquitecto por la E.T.S de Arquitectura de Granada (2010-2016) y especialista en el dise\u00f1o de proyectos eficientes tras haber realizado el M\u00e1ster Universitario en \u00abProyectos Arquitect\u00f3nicos: Dise\u00f1o Ambiental y Nuevas Tecnolog\u00edas\u00bb en la E.T.S de Arquitectura de M\u00e1laga (2018). Adem\u00e1s, dispongo de formaci\u00f3n BIM con Autodesk Revit certificada por la empresa \u201cbuildingSMART. Spanish Chapter\u201d Me apasiona mi profesi\u00f3n. Disfruto desde las fases iniciales del proyecto a la posterior definici\u00f3n constructiva del mismo, consider\u00e1ndome una persona con buenas dotes organizativas y de planificaci\u00f3n, adem\u00e1s de habilidoso con los distintos softwares relacionados con el \u00e1mbito de la arquitectura\u2026<\/p>\n","protected":false},"author":1,"featured_media":0,"parent":0,"menu_order":0,"comment_status":"closed","ping_status":"closed","template":"elementor_theme","meta":{"qubely_global_settings":"","qubely_interactions":"","extendify_custom_stylesheet":""},"blocksy_meta":{"styles_descriptor":{"styles":{"desktop":"","tablet":"","mobile":""},"google_fonts":[]}},"featured_image_urls":{"full":"","thumbnail":"","medium":"","medium_large":"","large":"","1536x1536":"","2048x2048":"","qubely_landscape":"","qubely_portrait":"","qubely_thumbnail":"","woocommerce_thumbnail":"","woocommerce_single":"","woocommerce_gallery_thumbnail":"","shop_catalog":"","shop_single":"","shop_thumbnail":""},"post_excerpt_stackable":"<p>\u00a0Adolfo Viciana Abad ARQUITECTO Arquitecto por la E.T.S de Arquitectura de Granada (2010-2016) y especialista en el dise\u00f1o de proyectos eficientes tras haber realizado el M\u00e1ster Universitario en \u00abProyectos Arquitect\u00f3nicos: Dise\u00f1o Ambiental y Nuevas Tecnolog\u00edas\u00bb en la E.T.S de Arquitectura de M\u00e1laga (2018). Adem\u00e1s, dispongo de formaci\u00f3n BIM con Autodesk Revit certificada por la empresa \u201cbuildingSMART. Spanish Chapter\u201d Me apasiona mi profesi\u00f3n. Disfruto desde las fases iniciales del proyecto a la posterior definici\u00f3n constructiva del mismo, consider\u00e1ndome una persona con buenas dotes organizativas y de planificaci\u00f3n, adem\u00e1s de habilidoso con los distintos softwares relacionados con el \u00e1mbito de la arquitectura&hellip;<\/p>\n","category_list":"","author_info":{"name":"Adolfo Viciana","url":"https:\/\/adolfoviciana.com\/index.php\/author\/admin\/"},"comments_num":"0 comentarios","yoast_head":"<!-- This site is optimized with the Yoast SEO plugin v16.7 - https:\/\/yoast.com\/wordpress\/plugins\/seo\/ -->\n<title>Sobre mi<\/title>\n<meta name=\"robots\" content=\"index, follow, max-snippet:-1, max-image-preview:large, max-video-preview:-1\" \/>\n<link rel=\"canonical\" href=\"https:\/\/adolfoviciana.com\/index.php\/sobre-mi\/\" \/>\n<meta property=\"og:locale\" content=\"es_ES\" \/>\n<meta property=\"og:type\" content=\"article\" \/>\n<meta property=\"og:title\" content=\"Sobre mi\" \/>\n<meta property=\"og:description\" content=\"\u00a0Adolfo Viciana Abad ARQUITECTO Arquitecto por la E.T.S de Arquitectura de Granada (2010-2016) y especialista en el dise\u00f1o de proyectos eficientes tras haber realizado el M\u00e1ster Universitario en \u00abProyectos Arquitect\u00f3nicos: Dise\u00f1o Ambiental y Nuevas Tecnolog\u00edas\u00bb en la E.T.S de Arquitectura de M\u00e1laga (2018). Adem\u00e1s, dispongo de formaci\u00f3n BIM con Autodesk Revit certificada por la empresa \u201cbuildingSMART. Spanish Chapter\u201d Me apasiona mi profesi\u00f3n. Disfruto desde las fases iniciales del proyecto a la posterior definici\u00f3n constructiva del mismo, consider\u00e1ndome una persona con buenas dotes organizativas y de planificaci\u00f3n, adem\u00e1s de habilidoso con los distintos softwares relacionados con el \u00e1mbito de la arquitectura\u2026\" \/>\n<meta property=\"og:url\" content=\"https:\/\/adolfoviciana.com\/index.php\/sobre-mi\/\" \/>\n<meta property=\"og:site_name\" content=\"Adolfo Viciana Arquitecto\" \/>\n<meta property=\"article:modified_time\" content=\"2021-06-28T19:11:22+00:00\" \/>\n<meta property=\"og:image\" content=\"https:\/\/adolfoviciana.com\/wp-content\/uploads\/brizy\/2198\/assets\/images\/iW=1018&#038;iH=573&#038;oX=148&#038;oY=0&#038;cW=722&#038;cH=573\/ADOLFO6_Retoque-adolf-scaled.jpg\" \/>\n<meta name=\"twitter:card\" content=\"summary_large_image\" \/>\n<meta name=\"twitter:label1\" content=\"Tiempo de lectura\" \/>\n\t<meta name=\"twitter:data1\" content=\"1 minuto\" \/>\n<script type=\"application\/ld+json\" class=\"yoast-schema-graph\">{\"@context\":\"https:\/\/schema.org\",\"@graph\":[{\"@type\":[\"Person\",\"Organization\"],\"@id\":\"https:\/\/adolfoviciana.com\/#\/schema\/person\/1684b606ba4651f3c95be8731cf627b7\",\"name\":\"Adolfo Viciana\",\"image\":{\"@type\":\"ImageObject\",\"@id\":\"https:\/\/adolfoviciana.com\/#personlogo\",\"inLanguage\":\"es\",\"url\":\"https:\/\/adolfoviciana.com\/wp-content\/uploads\/2021\/06\/ADOLFO6_Retoque-adolf_Recortada.jpg\",\"contentUrl\":\"https:\/\/adolfoviciana.com\/wp-content\/uploads\/2021\/06\/ADOLFO6_Retoque-adolf_Recortada.jpg\",\"width\":1385,\"height\":1209,\"caption\":\"Adolfo Viciana\"},\"logo\":{\"@id\":\"https:\/\/adolfoviciana.com\/#personlogo\"},\"sameAs\":[\"http:\/\/adolfoviciana.com\",\"https:\/\/www.linkedin.com\/in\/avicianaabad\/\"]},{\"@type\":\"WebSite\",\"@id\":\"https:\/\/adolfoviciana.com\/#website\",\"url\":\"https:\/\/adolfoviciana.com\/\",\"name\":\"ADOLFO VICIANA\",\"description\":\"Adolfo Viciana Arquitecto\",\"publisher\":{\"@id\":\"https:\/\/adolfoviciana.com\/#\/schema\/person\/1684b606ba4651f3c95be8731cf627b7\"},\"potentialAction\":[{\"@type\":\"SearchAction\",\"target\":{\"@type\":\"EntryPoint\",\"urlTemplate\":\"https:\/\/adolfoviciana.com\/?s={search_term_string}\"},\"query-input\":\"required name=search_term_string\"}],\"inLanguage\":\"es\"},{\"@type\":\"ImageObject\",\"@id\":\"https:\/\/adolfoviciana.com\/index.php\/sobre-mi\/#primaryimage\",\"inLanguage\":\"es\",\"url\":\"https:\/\/adolfoviciana.com\/wp-content\/uploads\/brizy\/2198\/assets\/images\/iW=1018&iH=573&oX=148&oY=0&cW=722&cH=573\/ADOLFO6_Retoque-adolf-scaled.jpg\",\"contentUrl\":\"https:\/\/adolfoviciana.com\/wp-content\/uploads\/brizy\/2198\/assets\/images\/iW=1018&iH=573&oX=148&oY=0&cW=722&cH=573\/ADOLFO6_Retoque-adolf-scaled.jpg\"},{\"@type\":\"WebPage\",\"@id\":\"https:\/\/adolfoviciana.com\/index.php\/sobre-mi\/#webpage\",\"url\":\"https:\/\/adolfoviciana.com\/index.php\/sobre-mi\/\",\"name\":\"Sobre mi\",\"isPartOf\":{\"@id\":\"https:\/\/adolfoviciana.com\/#website\"},\"primaryImageOfPage\":{\"@id\":\"https:\/\/adolfoviciana.com\/index.php\/sobre-mi\/#primaryimage\"},\"datePublished\":\"2021-06-18T01:43:09+00:00\",\"dateModified\":\"2021-06-28T19:11:22+00:00\",\"breadcrumb\":{\"@id\":\"https:\/\/adolfoviciana.com\/index.php\/sobre-mi\/#breadcrumb\"},\"inLanguage\":\"es\",\"potentialAction\":[{\"@type\":\"ReadAction\",\"target\":[\"https:\/\/adolfoviciana.com\/index.php\/sobre-mi\/\"]}]},{\"@type\":\"BreadcrumbList\",\"@id\":\"https:\/\/adolfoviciana.com\/index.php\/sobre-mi\/#breadcrumb\",\"itemListElement\":[{\"@type\":\"ListItem\",\"position\":1,\"name\":\"Portada\",\"item\":\"https:\/\/adolfoviciana.com\/\"},{\"@type\":\"ListItem\",\"position\":2,\"name\":\"Sobre mi\"}]}]}<\/script>\n<!-- \/ Yoast SEO plugin. -->","yoast_head_json":{"title":"Sobre mi","robots":{"index":"index","follow":"follow","max-snippet":"max-snippet:-1","max-image-preview":"max-image-preview:large","max-video-preview":"max-video-preview:-1"},"canonical":"https:\/\/adolfoviciana.com\/index.php\/sobre-mi\/","og_locale":"es_ES","og_type":"article","og_title":"Sobre mi","og_description":"\u00a0Adolfo Viciana Abad ARQUITECTO Arquitecto por la E.T.S de Arquitectura de Granada (2010-2016) y especialista en el dise\u00f1o de proyectos eficientes tras haber realizado el M\u00e1ster Universitario en \u00abProyectos Arquitect\u00f3nicos: Dise\u00f1o Ambiental y Nuevas Tecnolog\u00edas\u00bb en la E.T.S de Arquitectura de M\u00e1laga (2018). Adem\u00e1s, dispongo de formaci\u00f3n BIM con Autodesk Revit certificada por la empresa \u201cbuildingSMART. Spanish Chapter\u201d Me apasiona mi profesi\u00f3n. Disfruto desde las fases iniciales del proyecto a la posterior definici\u00f3n constructiva del mismo, consider\u00e1ndome una persona con buenas dotes organizativas y de planificaci\u00f3n, adem\u00e1s de habilidoso con los distintos softwares relacionados con el \u00e1mbito de la arquitectura\u2026","og_url":"https:\/\/adolfoviciana.com\/index.php\/sobre-mi\/","og_site_name":"Adolfo Viciana Arquitecto","article_modified_time":"2021-06-28T19:11:22+00:00","og_image":[{"url":"https:\/\/adolfoviciana.com\/wp-content\/uploads\/brizy\/2198\/assets\/images\/iW=1018&iH=573&oX=148&oY=0&cW=722&cH=573\/ADOLFO6_Retoque-adolf-scaled.jpg"}],"twitter_card":"summary_large_image","twitter_misc":{"Tiempo de lectura":"1 minuto"},"schema":{"@context":"https:\/\/schema.org","@graph":[{"@type":["Person","Organization"],"@id":"https:\/\/adolfoviciana.com\/#\/schema\/person\/1684b606ba4651f3c95be8731cf627b7","name":"Adolfo Viciana","image":{"@type":"ImageObject","@id":"https:\/\/adolfoviciana.com\/#personlogo","inLanguage":"es","url":"https:\/\/adolfoviciana.com\/wp-content\/uploads\/2021\/06\/ADOLFO6_Retoque-adolf_Recortada.jpg","contentUrl":"https:\/\/adolfoviciana.com\/wp-content\/uploads\/2021\/06\/ADOLFO6_Retoque-adolf_Recortada.jpg","width":1385,"height":1209,"caption":"Adolfo Viciana"},"logo":{"@id":"https:\/\/adolfoviciana.com\/#personlogo"},"sameAs":["http:\/\/adolfoviciana.com","https:\/\/www.linkedin.com\/in\/avicianaabad\/"]},{"@type":"WebSite","@id":"https:\/\/adolfoviciana.com\/#website","url":"https:\/\/adolfoviciana.com\/","name":"ADOLFO VICIANA","description":"Adolfo Viciana Arquitecto","publisher":{"@id":"https:\/\/adolfoviciana.com\/#\/schema\/person\/1684b606ba4651f3c95be8731cf627b7"},"potentialAction":[{"@type":"SearchAction","target":{"@type":"EntryPoint","urlTemplate":"https:\/\/adolfoviciana.com\/?s={search_term_string}"},"query-input":"required name=search_term_string"}],"inLanguage":"es"},{"@type":"ImageObject","@id":"https:\/\/adolfoviciana.com\/index.php\/sobre-mi\/#primaryimage","inLanguage":"es","url":"https:\/\/adolfoviciana.com\/wp-content\/uploads\/brizy\/2198\/assets\/images\/iW=1018&iH=573&oX=148&oY=0&cW=722&cH=573\/ADOLFO6_Retoque-adolf-scaled.jpg","contentUrl":"https:\/\/adolfoviciana.com\/wp-content\/uploads\/brizy\/2198\/assets\/images\/iW=1018&iH=573&oX=148&oY=0&cW=722&cH=573\/ADOLFO6_Retoque-adolf-scaled.jpg"},{"@type":"WebPage","@id":"https:\/\/adolfoviciana.com\/index.php\/sobre-mi\/#webpage","url":"https:\/\/adolfoviciana.com\/index.php\/sobre-mi\/","name":"Sobre mi","isPartOf":{"@id":"https:\/\/adolfoviciana.com\/#website"},"primaryImageOfPage":{"@id":"https:\/\/adolfoviciana.com\/index.php\/sobre-mi\/#primaryimage"},"datePublished":"2021-06-18T01:43:09+00:00","dateModified":"2021-06-28T19:11:22+00:00","breadcrumb":{"@id":"https:\/\/adolfoviciana.com\/index.php\/sobre-mi\/#breadcrumb"},"inLanguage":"es","potentialAction":[{"@type":"ReadAction","target":["https:\/\/adolfoviciana.com\/index.php\/sobre-mi\/"]}]},{"@type":"BreadcrumbList","@id":"https:\/\/adolfoviciana.com\/index.php\/sobre-mi\/#breadcrumb","itemListElement":[{"@type":"ListItem","position":1,"name":"Portada","item":"https:\/\/adolfoviciana.com\/"},{"@type":"ListItem","position":2,"name":"Sobre mi"}]}]}},"_links":{"self":[{"href":"https:\/\/adolfoviciana.com\/index.php\/wp-json\/wp\/v2\/pages\/2198"}],"collection":[{"href":"https:\/\/adolfoviciana.com\/index.php\/wp-json\/wp\/v2\/pages"}],"about":[{"href":"https:\/\/adolfoviciana.com\/index.php\/wp-json\/wp\/v2\/types\/page"}],"author":[{"embeddable":true,"href":"https:\/\/adolfoviciana.com\/index.php\/wp-json\/wp\/v2\/users\/1"}],"replies":[{"embeddable":true,"href":"https:\/\/adolfoviciana.com\/index.php\/wp-json\/wp\/v2\/comments?post=2198"}],"version-history":[{"count":4,"href":"https:\/\/adolfoviciana.com\/index.php\/wp-json\/wp\/v2\/pages\/2198\/revisions"}],"predecessor-version":[{"id":3182,"href":"https:\/\/adolfoviciana.com\/index.php\/wp-json\/wp\/v2\/pages\/2198\/revisions\/3182"}],"wp:attachment":[{"href":"https:\/\/adolfoviciana.com\/index.php\/wp-json\/wp\/v2\/media?parent=2198"}],"curies":[{"name":"wp","href":"https:\/\/api.w.org\/{rel}","templated":true}]}}