{"id":2245,"date":"2021-06-18T11:03:20","date_gmt":"2021-06-18T11:03:20","guid":{"rendered":"http:\/\/adolfoviciana.com\/?page_id=2245"},"modified":"2021-07-24T12:07:47","modified_gmt":"2021-07-24T10:07:47","slug":"publicaciones","status":"publish","type":"page","link":"https:\/\/adolfoviciana.com\/index.php\/publicaciones\/","title":{"rendered":"Publicaciones"},"content":{"rendered":"<div class=\"brz-root__container brz-reset-all\">\n<section data-uid=\"ufyujbmamyepqqxprveyyqdfukzfxlxqczim\" id=\"ufyujbmamyepqqxprveyyqdfukzfxlxqczim\" class=\"brz-section brz-css-ihjaj\">\n<div class=\"brz-section__content brz-section--fullWidth brz-css-alcbd brz-css-acira\" data-custom-id=\"sjvpaydyynvtnedbnsgbywqygjbritkrweam\">\n<div class=\"brz-bg\">\n<div class=\"brz-bg-color\"><\/div>\n<\/div>\n<div class=\"brz-container brz-css-qvfqu brz-css-mksgo\">\n<div class=\"brz-row__container brz-css-adsmt\" data-custom-id=\"pdmqriwtlidhjroeviwckgbbajrezxeowylx\">\n<div class=\"brz-row brz-css-kwnhc brz-css-qfkcx\">\n<div class=\"brz-columns brz-css-jjdoe brz-css-batcn\" data-custom-id=\"mvwficfhtxycoeguvxpzxccheiobbxvavetk\">\n<div class=\"brz-bg\"><\/div>\n<div class=\"brz-column__items brz-css-ejwck brz-css-fyjqr\">\n<div class=\"brz-css-uycwk brz-css-rphqv brz-wrapper\">\n<div class=\"brz-rich-text brz-css-jpsqq\" data-custom-id=\"xjcentvfcwphspfzbbuohtbaguzevntebkiv\">\n<p class=\"brz-fs-xs-30 brz-text-xs-left brz-lh-lg-1 brz-fw-lg-400 brz-ff-montserrat brz-ls-lg-m_1_5 brz-text-lg-right brz-fs-sm-30 brz-fs-lg-34\"><span style=\"opacity: 0.4; color: rgb(0, 0, 0);\">\u00a0Publicaciones<\/span><\/p>\n<\/div>\n<\/div>\n<div class=\"brz-css-uycwk brz-css-kjvde brz-wrapper\">\n<div class=\"brz-line brz-css-vrsct brz-css-uzvbr\" data-custom-id=\"dtyvpwljplgstfaknvhuecdrbhsxsgjhabce\">\n<hr class=\"brz-hr\" \/><\/div>\n<\/div>\n<\/div>\n<\/div>\n<div class=\"brz-columns brz-css-jjdoe brz-css-vzosk\" data-custom-id=\"limjxecfugixizvsdnmdlvptgmyowbfjuozl\">\n<div class=\"brz-column__items brz-css-ejwck brz-css-gguee\">\n<div class=\"brz-css-uycwk brz-wrapper\">\n<div class=\"brz-rich-text brz-css-jpsqq\" data-custom-id=\"wubhtkytwmkrgtsmqvlfuwkncahtdbsovuuo\">\n<ul>\n<li class=\"brz-tp-paragraph brz-text-lg-justify\"><strong>TFM<\/strong>: El proyecto de la vivienda unifamiliar a trav\u00e9s del agua (1973-2017): confort y clima mediterr\u00e1neo con el soporte del agua.  Dirigido por Juan Gavilanes V\u00e9laz de Medrano, Dr. Arquitecto (2018)<\/li>\n<\/ul>\n<\/div>\n<\/div>\n<div class=\"brz-css-uycwk brz-wrapper\">\n<div class=\"brz-rich-text brz-css-jpsqq\" data-custom-id=\"ulhmalvioiuxaaqucgnbsjsywmvcdmbtmndo\">\n<ul>\n<li class=\"brz-text-lg-justify brz-tp-paragraph\"><strong>Gerencia de Urbanismo de M\u00e1laga (GMU)<\/strong>: H\u00e1bitat Rural Diseminado. Proyecto de intervenci\u00f3n paisaj\u00edstica y gu\u00eda de intervenciones. Dirigido por Marta Werner\u00a0Rivera, Arquitecto de Planeamiento en GMU de M\u00e1laga (2018)<\/li>\n<\/ul>\n<\/div>\n<\/div>\n<div class=\"brz-row__container brz-css-adsmt\" data-custom-id=\"qmlhhzwhxmjyblhvuzliyvuakntvwnibtgoq\">\n<div class=\"brz-row brz-row--inner brz-css-kwnhc brz-css-tukce\">\n<div class=\"brz-columns brz-css-jjdoe\" data-custom-id=\"hfkdzezqlwqjnbbzcvzqddbtetltfandugnr\">\n<div class=\"brz-column__items brz-css-ejwck\">\n<div class=\"brz-css-uycwk brz-wrapper\">\n<div class=\"brz-image brz-css-bunfa brz-css-txyli\"><picture class=\"brz-picture brz-d-block brz-p-relative brz-css-nnhxf\" data-custom-id=\"kuaskuszenqyniwqercoayslmqbwbzllhmbn\"><source srcset=\"https:\/\/adolfoviciana.com\/wp-content\/uploads\/brizy\/2245\/assets\/images\/iW=210&#038;iH=297&#038;oX=0&#038;oY=0&#038;cW=210&#038;cH=297\/01_PORTADA-INTERIOR_Pagina_1.jpg 1x, https:\/\/adolfoviciana.com\/wp-content\/uploads\/brizy\/2245\/assets\/images\/iW=420&#038;iH=594&#038;oX=0&#038;oY=0&#038;cW=420&#038;cH=594\/01_PORTADA-INTERIOR_Pagina_1.jpg 2x\" media=\"(min-width: 992px)\" \/><source srcset=\"https:\/\/adolfoviciana.com\/?brizy_media=wp-9da25becd883523bf7eb3c9a8778a7c8.jpg&#038;brizy_crop=iW%3D154%26iH%3D217%26oX%3D0%26oY%3D0%26cW%3D154%26cH%3D217&#038;brizy_post=2245 1x, https:\/\/adolfoviciana.com\/?brizy_media=wp-9da25becd883523bf7eb3c9a8778a7c8.jpg&#038;brizy_crop=iW%3D308%26iH%3D434%26oX%3D0%26oY%3D0%26cW%3D308%26cH%3D434&#038;brizy_post=2245 2x\" media=\"(min-width: 768px)\" \/><img class=\"brz-img brz-p-absolute\" srcset=\"https:\/\/adolfoviciana.com\/wp-content\/uploads\/brizy\/2245\/assets\/images\/iW=324&#038;iH=458&#038;oX=0&#038;oY=0&#038;cW=324&#038;cH=458\/01_PORTADA-INTERIOR_Pagina_1.jpg 1x, https:\/\/adolfoviciana.com\/wp-content\/uploads\/brizy\/2245\/assets\/images\/iW=648&#038;iH=916&#038;oX=0&#038;oY=0&#038;cW=648&#038;cH=916\/01_PORTADA-INTERIOR_Pagina_1.jpg 2x\" src=\"https:\/\/adolfoviciana.com\/wp-content\/uploads\/brizy\/2245\/assets\/images\/iW=210&#038;iH=297&#038;oX=0&#038;oY=0&#038;cW=210&#038;cH=297\/01_PORTADA-INTERIOR_Pagina_1.jpg\" alt=\"\" draggable=\"false\" loading=\"lazy\" \/><\/picture><\/div>\n<\/div>\n<\/div>\n<\/div>\n<div class=\"brz-columns brz-css-jjdoe\" data-custom-id=\"ejqzrnqxsjlldjrimcrvztlmswdrnsekoqqe\">\n<div class=\"brz-column__items brz-css-ejwck\">\n<div class=\"brz-css-uycwk brz-wrapper\">\n<div class=\"brz-image brz-image__lightbox brz-css-khghi brz-css-ospou\"><a class=\"brz-a\" href=\"https:\/\/adolfoviciana.com\/wp-content\/uploads\/brizy\/2245\/assets\/images\/iW=5000&#038;iH=any\/PUBLICACION-26JUNIO2018.jpg\" data-brz-link-type=\"lightBox\" data-custom-id=\"linkfzpjhqsnvickgbytgfaubpqzwcbztxkd\"><picture class=\"brz-picture brz-d-block brz-p-relative brz-css-pzptb\"><source srcset=\"https:\/\/adolfoviciana.com\/wp-content\/uploads\/brizy\/2245\/assets\/images\/iW=210&#038;iH=297&#038;oX=0&#038;oY=0&#038;cW=210&#038;cH=296\/PUBLICACION-26JUNIO2018.jpg 1x, https:\/\/adolfoviciana.com\/wp-content\/uploads\/brizy\/2245\/assets\/images\/iW=420&#038;iH=594&#038;oX=0&#038;oY=0&#038;cW=420&#038;cH=592\/PUBLICACION-26JUNIO2018.jpg 2x\" media=\"(min-width: 992px)\" \/><source srcset=\"https:\/\/adolfoviciana.com\/?brizy_media=wp-66fd9308202a493c38d635d0e509c2a4.jpg&#038;brizy_crop=iW%3D154%26iH%3D217%26oX%3D0%26oY%3D0%26cW%3D154%26cH%3D217&#038;brizy_post=2245 1x, https:\/\/adolfoviciana.com\/?brizy_media=wp-66fd9308202a493c38d635d0e509c2a4.jpg&#038;brizy_crop=iW%3D308%26iH%3D434%26oX%3D0%26oY%3D0%26cW%3D308%26cH%3D434&#038;brizy_post=2245 2x\" media=\"(min-width: 768px)\" \/><img class=\"brz-img brz-p-absolute\" srcset=\"https:\/\/adolfoviciana.com\/wp-content\/uploads\/brizy\/2245\/assets\/images\/iW=324&#038;iH=458&#038;oX=0&#038;oY=1&#038;cW=324&#038;cH=457\/PUBLICACION-26JUNIO2018.jpg 1x, https:\/\/adolfoviciana.com\/wp-content\/uploads\/brizy\/2245\/assets\/images\/iW=648&#038;iH=916&#038;oX=0&#038;oY=2&#038;cW=648&#038;cH=914\/PUBLICACION-26JUNIO2018.jpg 2x\" src=\"https:\/\/adolfoviciana.com\/wp-content\/uploads\/brizy\/2245\/assets\/images\/iW=210&#038;iH=297&#038;oX=0&#038;oY=0&#038;cW=210&#038;cH=296\/PUBLICACION-26JUNIO2018.jpg\" alt=\"\" draggable=\"false\" loading=\"lazy\" \/><\/picture><\/a><\/div>\n<\/div>\n<\/div>\n<\/div>\n<\/div>\n<\/div>\n<div class=\"brz-css-uycwk brz-wrapper\">\n<div class=\"brz-rich-text brz-css-jpsqq\" data-custom-id=\"dsgbeztrvjtatyrwpjeghjyfujrsovrlsqdc\">\n<ul>\n<li class=\"brz-tp-paragraph brz-text-lg-justify\"> <strong>Taller de Proyectos III | Profesor Rafael Soler M\u00e1rquez<\/strong>. Libro de Investigaci\u00f3n: Proyectar la vivienda colectiva en el siglo XXI. (2012)<\/li>\n<\/ul>\n<\/div>\n<\/div>\n<div class=\"brz-row__container brz-css-adsmt\" data-custom-id=\"qpafrwdapdyzuphpzjocktydcuhzhkpwdxqm\">\n<div class=\"brz-row brz-row--inner brz-css-kwnhc brz-css-tukce\">\n<div class=\"brz-columns brz-css-jjdoe brz-css-frces\" data-custom-id=\"jlnxiwqbicmnpkmajscbvzzunkzkdkoafdgo\">\n<div class=\"brz-column__items brz-css-ejwck\">\n<div class=\"brz-css-uycwk brz-wrapper\">\n<div class=\"brz-image brz-css-pcbiz\"><picture class=\"brz-picture brz-d-block brz-p-relative brz-css-hjrxt\" data-custom-id=\"pnfxkpdseiedkymcbqljbemerfakwjcpkrpa\"><source srcset=\"https:\/\/adolfoviciana.com\/wp-content\/uploads\/brizy\/2245\/assets\/images\/iW=304&#038;iH=203&#038;oX=17&#038;oY=0&#038;cW=271&#038;cH=203\/Libro-publicacion-etsag_WEB.jpg 1x, https:\/\/adolfoviciana.com\/wp-content\/uploads\/brizy\/2245\/assets\/images\/iW=608&#038;iH=406&#038;oX=34&#038;oY=0&#038;cW=542&#038;cH=406\/Libro-publicacion-etsag_WEB.jpg 2x\" media=\"(min-width: 992px)\" \/><source srcset=\"https:\/\/adolfoviciana.com\/?brizy_media=wp-fcb84cce34fd470701e3b38e55ed4b47.jpg&#038;brizy_crop=iW%3D294%26iH%3D197%26oX%3D16%26oY%3D0%26cW%3D262%26cH%3D197&#038;brizy_post=2245 1x, https:\/\/adolfoviciana.com\/?brizy_media=wp-fcb84cce34fd470701e3b38e55ed4b47.jpg&#038;brizy_crop=iW%3D588%26iH%3D394%26oX%3D32%26oY%3D0%26cW%3D524%26cH%3D394&#038;brizy_post=2245 2x\" media=\"(min-width: 768px)\" \/><img class=\"brz-img brz-p-absolute\" srcset=\"https:\/\/adolfoviciana.com\/wp-content\/uploads\/brizy\/2245\/assets\/images\/iW=401&#038;iH=268&#038;oX=23&#038;oY=0&#038;cW=356&#038;cH=268\/Libro-publicacion-etsag_WEB.jpg 1x, https:\/\/adolfoviciana.com\/wp-content\/uploads\/brizy\/2245\/assets\/images\/iW=802&#038;iH=536&#038;oX=46&#038;oY=0&#038;cW=712&#038;cH=536\/Libro-publicacion-etsag_WEB.jpg 2x\" src=\"https:\/\/adolfoviciana.com\/wp-content\/uploads\/brizy\/2245\/assets\/images\/iW=304&#038;iH=203&#038;oX=17&#038;oY=0&#038;cW=271&#038;cH=203\/Libro-publicacion-etsag_WEB.jpg\" alt=\"\" draggable=\"false\" loading=\"lazy\" \/><\/picture><\/div>\n<\/div>\n<\/div>\n<\/div>\n<div class=\"brz-columns brz-css-jjdoe brz-css-spghk\" data-custom-id=\"dtjpxfeeldnqtnypdbcwbqgensdlvpfgungj\">\n<div class=\"brz-column__items brz-css-ejwck\"><\/div>\n<\/div>\n<\/div>\n<\/div>\n<\/div>\n<\/div>\n<div class=\"brz-columns brz-css-jjdoe brz-css-gexbs\" data-custom-id=\"fyipptuoxyyiclqxdvtolexobgjlznvgfyri\">\n<div class=\"brz-column__items brz-css-ejwck brz-css-egtzw\">\n<div class=\"brz-css-uycwk brz-css-okkvr brz-css-xeomb brz-wrapper\">\n<div class=\"brz-spacer brz-css-bnnwt brz-css-uatwy\"><\/div>\n<\/div>\n<\/div>\n<\/div>\n<\/div>\n<\/div>\n<\/div>\n<\/div>\n<\/section>\n<\/div>\n<p><!-- version:1687296725 --><\/p>\n","protected":false},"excerpt":{"rendered":"<p>\u00a0Publicaciones TFM: El proyecto de la vivienda unifamiliar a trav\u00e9s del agua (1973-2017): confort y clima mediterr\u00e1neo con el soporte del agua. Dirigido por Juan Gavilanes V\u00e9laz de Medrano, Dr. Arquitecto (2018) Gerencia de Urbanismo de M\u00e1laga (GMU): H\u00e1bitat Rural Diseminado. Proyecto de intervenci\u00f3n paisaj\u00edstica y gu\u00eda de intervenciones. Dirigido por Marta Werner\u00a0Rivera, Arquitecto de Planeamiento en GMU de M\u00e1laga (2018) Taller de Proyectos III | Profesor Rafael Soler M\u00e1rquez. Libro de Investigaci\u00f3n: Proyectar la vivienda colectiva en el siglo XXI. (2012)<\/p>\n","protected":false},"author":1,"featured_media":0,"parent":0,"menu_order":0,"comment_status":"closed","ping_status":"closed","template":"","meta":{"qubely_global_settings":"","qubely_interactions":"","extendify_custom_stylesheet":""},"blocksy_meta":{"styles_descriptor":{"styles":{"desktop":"","tablet":"","mobile":""},"google_fonts":[]}},"featured_image_urls":{"full":"","thumbnail":"","medium":"","medium_large":"","large":"","1536x1536":"","2048x2048":"","qubely_landscape":"","qubely_portrait":"","qubely_thumbnail":"","woocommerce_thumbnail":"","woocommerce_single":"","woocommerce_gallery_thumbnail":"","shop_catalog":"","shop_single":"","shop_thumbnail":""},"post_excerpt_stackable":"<p>\u00a0Publicaciones TFM: El proyecto de la vivienda unifamiliar a trav\u00e9s del agua (1973-2017): confort y clima mediterr\u00e1neo con el soporte del agua. Dirigido por Juan Gavilanes V\u00e9laz de Medrano, Dr. Arquitecto (2018) Gerencia de Urbanismo de M\u00e1laga (GMU): H\u00e1bitat Rural Diseminado. Proyecto de intervenci\u00f3n paisaj\u00edstica y gu\u00eda de intervenciones. Dirigido por Marta Werner\u00a0Rivera, Arquitecto de Planeamiento en GMU de M\u00e1laga (2018) Taller de Proyectos III | Profesor Rafael Soler M\u00e1rquez. Libro de Investigaci\u00f3n: Proyectar la vivienda colectiva en el siglo XXI. (2012)<\/p>\n","category_list":"","author_info":{"name":"Adolfo Viciana","url":"https:\/\/adolfoviciana.com\/index.php\/author\/admin\/"},"comments_num":"0 comentarios","yoast_head":"<!-- This site is optimized with the Yoast SEO plugin v16.7 - https:\/\/yoast.com\/wordpress\/plugins\/seo\/ -->\n<title>Publicaciones<\/title>\n<meta name=\"description\" content=\"Publicaciones realizadas durante mi periodo como estudiante (TFM) y en la experiencia profesional realizada en el Ayto. de M\u00e1laga (GMU).\" \/>\n<meta name=\"robots\" content=\"index, follow, max-snippet:-1, max-image-preview:large, max-video-preview:-1\" \/>\n<link rel=\"canonical\" href=\"https:\/\/adolfoviciana.com\/index.php\/publicaciones\/\" \/>\n<meta property=\"og:locale\" content=\"es_ES\" \/>\n<meta property=\"og:type\" content=\"article\" \/>\n<meta property=\"og:title\" content=\"Publicaciones\" \/>\n<meta property=\"og:description\" content=\"Publicaciones realizadas durante mi periodo como estudiante (TFM) y en la experiencia profesional realizada en el Ayto. de M\u00e1laga (GMU).\" \/>\n<meta property=\"og:url\" content=\"https:\/\/adolfoviciana.com\/index.php\/publicaciones\/\" \/>\n<meta property=\"og:site_name\" content=\"Adolfo Viciana Arquitecto\" \/>\n<meta property=\"article:modified_time\" content=\"2021-07-24T10:07:47+00:00\" \/>\n<meta property=\"og:image\" content=\"https:\/\/adolfoviciana.com\/wp-content\/uploads\/brizy\/2245\/assets\/images\/iW=210&#038;iH=297&#038;oX=0&#038;oY=0&#038;cW=210&#038;cH=297\/01_PORTADA-INTERIOR_Pagina_1.jpg\" \/>\n<meta name=\"twitter:card\" content=\"summary_large_image\" \/>\n<meta name=\"twitter:label1\" content=\"Tiempo de lectura\" \/>\n\t<meta name=\"twitter:data1\" content=\"1 minuto\" \/>\n<script type=\"application\/ld+json\" class=\"yoast-schema-graph\">{\"@context\":\"https:\/\/schema.org\",\"@graph\":[{\"@type\":[\"Person\",\"Organization\"],\"@id\":\"https:\/\/adolfoviciana.com\/#\/schema\/person\/1684b606ba4651f3c95be8731cf627b7\",\"name\":\"Adolfo Viciana\",\"image\":{\"@type\":\"ImageObject\",\"@id\":\"https:\/\/adolfoviciana.com\/#personlogo\",\"inLanguage\":\"es\",\"url\":\"https:\/\/adolfoviciana.com\/wp-content\/uploads\/2021\/06\/ADOLFO6_Retoque-adolf_Recortada.jpg\",\"contentUrl\":\"https:\/\/adolfoviciana.com\/wp-content\/uploads\/2021\/06\/ADOLFO6_Retoque-adolf_Recortada.jpg\",\"width\":1385,\"height\":1209,\"caption\":\"Adolfo Viciana\"},\"logo\":{\"@id\":\"https:\/\/adolfoviciana.com\/#personlogo\"},\"sameAs\":[\"http:\/\/adolfoviciana.com\",\"https:\/\/www.linkedin.com\/in\/avicianaabad\/\"]},{\"@type\":\"WebSite\",\"@id\":\"https:\/\/adolfoviciana.com\/#website\",\"url\":\"https:\/\/adolfoviciana.com\/\",\"name\":\"ADOLFO VICIANA\",\"description\":\"Adolfo Viciana Arquitecto\",\"publisher\":{\"@id\":\"https:\/\/adolfoviciana.com\/#\/schema\/person\/1684b606ba4651f3c95be8731cf627b7\"},\"potentialAction\":[{\"@type\":\"SearchAction\",\"target\":{\"@type\":\"EntryPoint\",\"urlTemplate\":\"https:\/\/adolfoviciana.com\/?s={search_term_string}\"},\"query-input\":\"required name=search_term_string\"}],\"inLanguage\":\"es\"},{\"@type\":\"ImageObject\",\"@id\":\"https:\/\/adolfoviciana.com\/index.php\/publicaciones\/#primaryimage\",\"inLanguage\":\"es\",\"url\":\"https:\/\/adolfoviciana.com\/wp-content\/uploads\/brizy\/2245\/assets\/images\/iW=210&iH=297&oX=0&oY=0&cW=210&cH=297\/01_PORTADA-INTERIOR_Pagina_1.jpg\",\"contentUrl\":\"https:\/\/adolfoviciana.com\/wp-content\/uploads\/brizy\/2245\/assets\/images\/iW=210&iH=297&oX=0&oY=0&cW=210&cH=297\/01_PORTADA-INTERIOR_Pagina_1.jpg\"},{\"@type\":\"WebPage\",\"@id\":\"https:\/\/adolfoviciana.com\/index.php\/publicaciones\/#webpage\",\"url\":\"https:\/\/adolfoviciana.com\/index.php\/publicaciones\/\",\"name\":\"Publicaciones\",\"isPartOf\":{\"@id\":\"https:\/\/adolfoviciana.com\/#website\"},\"primaryImageOfPage\":{\"@id\":\"https:\/\/adolfoviciana.com\/index.php\/publicaciones\/#primaryimage\"},\"datePublished\":\"2021-06-18T11:03:20+00:00\",\"dateModified\":\"2021-07-24T10:07:47+00:00\",\"description\":\"Publicaciones realizadas durante mi periodo como estudiante (TFM) y en la experiencia profesional realizada en el Ayto. de M\\u00e1laga (GMU).\",\"breadcrumb\":{\"@id\":\"https:\/\/adolfoviciana.com\/index.php\/publicaciones\/#breadcrumb\"},\"inLanguage\":\"es\",\"potentialAction\":[{\"@type\":\"ReadAction\",\"target\":[\"https:\/\/adolfoviciana.com\/index.php\/publicaciones\/\"]}]},{\"@type\":\"BreadcrumbList\",\"@id\":\"https:\/\/adolfoviciana.com\/index.php\/publicaciones\/#breadcrumb\",\"itemListElement\":[{\"@type\":\"ListItem\",\"position\":1,\"name\":\"Portada\",\"item\":\"https:\/\/adolfoviciana.com\/\"},{\"@type\":\"ListItem\",\"position\":2,\"name\":\"Publicaciones\"}]}]}<\/script>\n<!-- \/ Yoast SEO plugin. -->","yoast_head_json":{"title":"Publicaciones","description":"Publicaciones realizadas durante mi periodo como estudiante (TFM) y en la experiencia profesional realizada en el Ayto. de M\u00e1laga (GMU).","robots":{"index":"index","follow":"follow","max-snippet":"max-snippet:-1","max-image-preview":"max-image-preview:large","max-video-preview":"max-video-preview:-1"},"canonical":"https:\/\/adolfoviciana.com\/index.php\/publicaciones\/","og_locale":"es_ES","og_type":"article","og_title":"Publicaciones","og_description":"Publicaciones realizadas durante mi periodo como estudiante (TFM) y en la experiencia profesional realizada en el Ayto. de M\u00e1laga (GMU).","og_url":"https:\/\/adolfoviciana.com\/index.php\/publicaciones\/","og_site_name":"Adolfo Viciana Arquitecto","article_modified_time":"2021-07-24T10:07:47+00:00","og_image":[{"url":"https:\/\/adolfoviciana.com\/wp-content\/uploads\/brizy\/2245\/assets\/images\/iW=210&amp;iH=297&amp;oX=0&amp;oY=0&amp;cW=210&amp;cH=297\/01_PORTADA-INTERIOR_Pagina_1.jpg"}],"twitter_card":"summary_large_image","twitter_misc":{"Tiempo de lectura":"1 minuto"},"schema":{"@context":"https:\/\/schema.org","@graph":[{"@type":["Person","Organization"],"@id":"https:\/\/adolfoviciana.com\/#\/schema\/person\/1684b606ba4651f3c95be8731cf627b7","name":"Adolfo Viciana","image":{"@type":"ImageObject","@id":"https:\/\/adolfoviciana.com\/#personlogo","inLanguage":"es","url":"https:\/\/adolfoviciana.com\/wp-content\/uploads\/2021\/06\/ADOLFO6_Retoque-adolf_Recortada.jpg","contentUrl":"https:\/\/adolfoviciana.com\/wp-content\/uploads\/2021\/06\/ADOLFO6_Retoque-adolf_Recortada.jpg","width":1385,"height":1209,"caption":"Adolfo Viciana"},"logo":{"@id":"https:\/\/adolfoviciana.com\/#personlogo"},"sameAs":["http:\/\/adolfoviciana.com","https:\/\/www.linkedin.com\/in\/avicianaabad\/"]},{"@type":"WebSite","@id":"https:\/\/adolfoviciana.com\/#website","url":"https:\/\/adolfoviciana.com\/","name":"ADOLFO VICIANA","description":"Adolfo Viciana Arquitecto","publisher":{"@id":"https:\/\/adolfoviciana.com\/#\/schema\/person\/1684b606ba4651f3c95be8731cf627b7"},"potentialAction":[{"@type":"SearchAction","target":{"@type":"EntryPoint","urlTemplate":"https:\/\/adolfoviciana.com\/?s={search_term_string}"},"query-input":"required name=search_term_string"}],"inLanguage":"es"},{"@type":"ImageObject","@id":"https:\/\/adolfoviciana.com\/index.php\/publicaciones\/#primaryimage","inLanguage":"es","url":"https:\/\/adolfoviciana.com\/wp-content\/uploads\/brizy\/2245\/assets\/images\/iW=210&iH=297&oX=0&oY=0&cW=210&cH=297\/01_PORTADA-INTERIOR_Pagina_1.jpg","contentUrl":"https:\/\/adolfoviciana.com\/wp-content\/uploads\/brizy\/2245\/assets\/images\/iW=210&iH=297&oX=0&oY=0&cW=210&cH=297\/01_PORTADA-INTERIOR_Pagina_1.jpg"},{"@type":"WebPage","@id":"https:\/\/adolfoviciana.com\/index.php\/publicaciones\/#webpage","url":"https:\/\/adolfoviciana.com\/index.php\/publicaciones\/","name":"Publicaciones","isPartOf":{"@id":"https:\/\/adolfoviciana.com\/#website"},"primaryImageOfPage":{"@id":"https:\/\/adolfoviciana.com\/index.php\/publicaciones\/#primaryimage"},"datePublished":"2021-06-18T11:03:20+00:00","dateModified":"2021-07-24T10:07:47+00:00","description":"Publicaciones realizadas durante mi periodo como estudiante (TFM) y en la experiencia profesional realizada en el Ayto. de M\u00e1laga (GMU).","breadcrumb":{"@id":"https:\/\/adolfoviciana.com\/index.php\/publicaciones\/#breadcrumb"},"inLanguage":"es","potentialAction":[{"@type":"ReadAction","target":["https:\/\/adolfoviciana.com\/index.php\/publicaciones\/"]}]},{"@type":"BreadcrumbList","@id":"https:\/\/adolfoviciana.com\/index.php\/publicaciones\/#breadcrumb","itemListElement":[{"@type":"ListItem","position":1,"name":"Portada","item":"https:\/\/adolfoviciana.com\/"},{"@type":"ListItem","position":2,"name":"Publicaciones"}]}]}},"_links":{"self":[{"href":"https:\/\/adolfoviciana.com\/index.php\/wp-json\/wp\/v2\/pages\/2245"}],"collection":[{"href":"https:\/\/adolfoviciana.com\/index.php\/wp-json\/wp\/v2\/pages"}],"about":[{"href":"https:\/\/adolfoviciana.com\/index.php\/wp-json\/wp\/v2\/types\/page"}],"author":[{"embeddable":true,"href":"https:\/\/adolfoviciana.com\/index.php\/wp-json\/wp\/v2\/users\/1"}],"replies":[{"embeddable":true,"href":"https:\/\/adolfoviciana.com\/index.php\/wp-json\/wp\/v2\/comments?post=2245"}],"version-history":[{"count":23,"href":"https:\/\/adolfoviciana.com\/index.php\/wp-json\/wp\/v2\/pages\/2245\/revisions"}],"predecessor-version":[{"id":4601,"href":"https:\/\/adolfoviciana.com\/index.php\/wp-json\/wp\/v2\/pages\/2245\/revisions\/4601"}],"wp:attachment":[{"href":"https:\/\/adolfoviciana.com\/index.php\/wp-json\/wp\/v2\/media?parent=2245"}],"curies":[{"name":"wp","href":"https:\/\/api.w.org\/{rel}","templated":true}]}}