{"id":2246,"date":"2021-06-18T11:03:20","date_gmt":"2021-06-18T09:03:20","guid":{"rendered":"http:\/\/adolfoviciana.com\/?page_id=2246"},"modified":"2021-07-25T11:37:16","modified_gmt":"2021-07-25T09:37:16","slug":"experiencia","status":"publish","type":"page","link":"https:\/\/adolfoviciana.com\/index.php\/experiencia\/","title":{"rendered":"Conocimientos"},"content":{"rendered":"<div class=\"brz-root__container brz-reset-all\">\n<section data-uid=\"pqpsoevyfaomlkgiakmyzuxpfrtnzwsopvnc\" id=\"pqpsoevyfaomlkgiakmyzuxpfrtnzwsopvnc\" class=\"brz-section brz-css-mebml\">\n<div class=\"brz-section__content brz-section--fullWidth brz-css-mtjwx brz-css-pjgse\" data-custom-id=\"cwqwvmhtmnpccwfymbtvjksbkhsjfpvumlxl\">\n<div class=\"brz-bg\">\n<div class=\"brz-bg-color\"><\/div>\n<\/div>\n<div class=\"brz-container brz-css-nijir brz-css-fcdob\">\n<div class=\"brz-row__container brz-css-opqxp\" data-custom-id=\"djxnpzsbbcfodlortfsmvseubwfixkkwkojd\">\n<div class=\"brz-row brz-css-ngirm brz-css-ewojf\">\n<div class=\"brz-columns brz-css-xaric brz-css-smezn\" data-custom-id=\"dkhnonpjyllznfxiuyfysmqftawcncrajagl\">\n<div class=\"brz-bg\"><\/div>\n<div class=\"brz-column__items brz-css-dvjim brz-css-gsbgw\">\n<div class=\"brz-css-ohduf brz-css-hggwx brz-wrapper\">\n<div class=\"brz-rich-text brz-css-qpbbq\" data-custom-id=\"leptwhldrrqfgeskcusuoohdftanhafqyvgp\">\n<p class=\"brz-fs-xs-30 brz-text-xs-left brz-lh-lg-1 brz-fw-lg-400 brz-ff-montserrat brz-ls-lg-m_1_5 brz-text-lg-right brz-fs-sm-30 brz-fs-lg-34\"><span style=\"opacity: 0.33; color: rgb(0, 0, 0);\">\u00a0Experiencia Profesional<\/span><\/p>\n<\/div>\n<\/div>\n<div class=\"brz-css-ohduf brz-css-cgevt brz-wrapper\">\n<div class=\"brz-line brz-css-klwmo brz-css-uplvo\" data-custom-id=\"zhcnzpcfkjklgxarsyfublhxodkrwxmdsejo\">\n<hr class=\"brz-hr\" \/><\/div>\n<\/div>\n<div class=\"brz-css-ohduf brz-wrapper\">\n<div class=\"brz-rich-text brz-css-qpbbq\" data-custom-id=\"dixjvsjuilvqvvrlnpoikovktrracqaxsnjg\">\n<p class=\"brz-fs-xs-im-17 brz-fs-sm-im-19 brz-fs-lg-17 brz-fw-xs-im-700 brz-fw-sm-im-700 brz-fw-lg-700 brz-ft-google brz-ff-overpass brz-ls-xs-im-0 brz-ls-sm-im-0 brz-ls-lg-0 brz-lh-xs-im-1_6 brz-lh-sm-im-1_6 brz-lh-lg-1_6 brz-text-lg-right brz-text-xs-left\"><strong style=\"color: rgb(139, 139, 139); opacity: 0.46;\">2010\/2021<\/strong><\/p>\n<\/div>\n<\/div>\n<\/div>\n<\/div>\n<div class=\"brz-columns brz-css-xaric brz-css-lmvzi\" data-custom-id=\"iectcyrejpfcjivbsygkstcnvucrbvfjocyc\">\n<div class=\"brz-column__items brz-css-dvjim brz-css-nqbev\">\n<div class=\"brz-css-ohduf brz-css-rzbtd brz-wrapper\">\n<div class=\"brz-rich-text brz-css-qpbbq\" data-custom-id=\"nntoopyxwohrkuuvufclnbogtbjstmjqbjla\">\n<ul>\n<li class=\"brz-fs-xs-im-17 brz-fs-sm-im-17 brz-fs-lg-16 brz-text-lg-justify brz-mb-lg-0\"><strong style=\"color: rgb(62, 62, 62);\">2018\/2021<\/strong><span style=\"color: rgb(62, 62, 62);\"> &#8211; Arquitecto en el estudio de arquitectura \u201c<\/span><strong style=\"color: rgb(62, 62, 62);\"><em>Moral Arquitectos<\/em><\/strong><span style=\"color: rgb(62, 62, 62);\">\u201d en Benalm\u00e1dena (M\u00e1laga). <\/span><\/li>\n<\/ul>\n<\/div>\n<\/div>\n<div class=\"brz-css-ohduf brz-css-icheb brz-wrapper\">\n<div class=\"brz-rich-text brz-css-qpbbq\" data-custom-id=\"pptvrwekmonkqevneyqqmheukbajnhjoadew\">\n<p class=\"brz-text-lg-justify brz-mb-lg-10\" style=\"color: rgb(62, 62, 62);\"><span style=\"color: rgb(62, 62, 62);\">&#8211; Redacci\u00f3n de diferentes tipos de proyectos: <\/span><strong style=\"color: rgb(62, 62, 62);\">Proyectos residenciales, Cambios de uso, Legalizaciones, Agrupaci\u00f3n de parcelas y Certificados Energ\u00e9ticos<\/strong><span style=\"color: rgb(62, 62, 62);\">. <\/span><\/p>\n<p class=\"brz-text-lg-justify brz-mb-lg-10\"><span style=\"color: rgb(62, 62, 62);\">&#8211; Participaci\u00f3n Activa en el desarrollo de <\/span><strong style=\"color: rgb(62, 62, 62);\">Proyectos B\u00e1sicos <\/strong><span style=\"color: rgb(62, 62, 62);\">y de<\/span><strong style=\"color: rgb(62, 62, 62);\"> Ejecuci\u00f3n<\/strong><span style=\"color: rgb(62, 62, 62);\"> con <\/span><em style=\"color: rgb(62, 62, 62);\">Autodesk Revit e <\/em><span style=\"color: rgb(62, 62, 62);\">incluyendo <\/span><strong style=\"color: rgb(62, 62, 62);\">c\u00e1lculo de instalaciones <\/strong><span style=\"color: rgb(62, 62, 62);\">y<\/span><strong style=\"color: rgb(62, 62, 62);\"> estructuras<\/strong><span style=\"color: rgb(62, 62, 62);\"> con el programa <\/span><em style=\"color: rgb(62, 62, 62);\">CypeCad<\/em><span style=\"color: rgb(62, 62, 62);\">. <\/span><\/p>\n<p class=\"brz-text-lg-justify\"><span style=\"color: rgb(62, 62, 62);\">&#8211; Elaboraci\u00f3n de <\/span><strong style=\"color: rgb(62, 62, 62);\"><em>infograf\u00edas realistas<\/em> <\/strong><span style=\"color: rgb(62, 62, 62);\">con diferentes programas de dise\u00f1o como <\/span><strong style=\"color: rgb(62, 62, 62);\"><em>Revit, Lumion<\/em> o <em>SketchUp<\/em>.<\/strong><span style=\"color: rgb(62, 62, 62);\"> <\/span><\/p>\n<\/div>\n<\/div>\n<div class=\"brz-css-ohduf brz-css-olrjm brz-wrapper\">\n<div class=\"brz-rich-text brz-css-qpbbq\" data-custom-id=\"swfbqhxdxppblzrdliqtxpekuijzicvlapvz\">\n<ul>\n<li><strong style=\"color: rgb(62, 62, 62);\">2018<\/strong><span style=\"color: rgb(62, 62, 62);\"> &#8211; Arquitecto en la <\/span><strong style=\"color: rgb(62, 62, 62);\">Gerencia de Urbanismo<\/strong><span style=\"color: rgb(62, 62, 62);\"> del <\/span><strong>Ayuntamiento de M\u00e1laga<\/strong> participando en:<\/li>\n<\/ul>\n<\/div>\n<\/div>\n<div class=\"brz-css-ohduf brz-css-iosfn brz-wrapper\">\n<div class=\"brz-rich-text brz-css-qpbbq\" data-custom-id=\"aegkbkbxkocgfyxmoolvnpljubjmpvvcgwkr\">\n<p class=\"brz-mb-lg-10\">&#8211; <strong>An\u00e1lisis del territorio <\/strong>con distintas <strong>herramientas <em>GIS<\/em><\/strong><em> utilizando softwares como QGis o Global Mapper.<\/em><\/p>\n<p class=\"brz-mb-lg-10\"><span style=\"color: rgb(62, 62, 62);\">&#8211; Desarrollo de una <\/span><strong style=\"color: rgb(62, 62, 62);\">gu\u00eda para la mejora de los H\u00e1bitats Rurales Diseminados<\/strong><span style=\"color: rgb(62, 62, 62);\"> del T\u00e9rmino municipal de M\u00e1laga. <\/span><\/p>\n<p><span style=\"color: rgb(62, 62, 62);\">&#8211; <\/span><strong style=\"color: rgb(62, 62, 62);\">Publicaci\u00f3n<\/strong><span style=\"color: rgb(62, 62, 62);\"> de una <\/span><strong style=\"color: rgb(62, 62, 62);\">Gu\u00eda de intervenciones<\/strong><span style=\"color: rgb(62, 62, 62);\"> para mejorar la integraci\u00f3n de las construcciones con el entorno y las propias construcciones.<\/span><\/p>\n<\/div>\n<\/div>\n<div class=\"brz-css-ohduf brz-css-ytaoq brz-wrapper\">\n<div class=\"brz-rich-text brz-css-qpbbq\" data-custom-id=\"ljgewiixftqniixujypjhjcdqvsbewxactca\">\n<ul>\n<li><strong>2017 <\/strong>&#8211; Arquitecto en el \u00e1rea de <strong>Obra P\u00fablica<\/strong> del <strong>Ayuntamiento de Almer\u00eda<\/strong> participando en:<\/li>\n<\/ul>\n<\/div>\n<\/div>\n<div class=\"brz-css-ohduf brz-css-xjuzf brz-wrapper\">\n<div class=\"brz-rich-text brz-css-qpbbq\" data-custom-id=\"teicrwkjpxqzrqligmnngrpvssezztyqetoq\">\n<p style=\"color: rgb(62, 62, 62);\"><span style=\"color: rgb(62, 62, 62);\">&#8211; Colaboraci\u00f3n en direcci\u00f3n de proyectos de <\/span><strong style=\"color: rgb(62, 62, 62);\">reforma y obras p\u00fablicas<\/strong><span style=\"color: rgb(62, 62, 62);\">.  <\/span><\/p>\n<p style=\"color: rgb(62, 62, 62);\" class=\"brz-mt-lg-10 brz-mb-lg-10\"><span style=\"color: rgb(62, 62, 62);\">&#8211; Dise\u00f1o de <\/span><strong style=\"color: rgb(62, 62, 62);\">mobiliario urbano<\/strong><span style=\"color: rgb(62, 62, 62);\">.  <\/span><\/p>\n<p style=\"color: rgb(62, 62, 62);\"><span style=\"color: rgb(62, 62, 62);\">&#8211; Colaboraci\u00f3n en redacci\u00f3n de proyectos de <\/span><strong style=\"color: rgb(62, 62, 62);\">peatonalizaci\u00f3n<\/strong><span style=\"color: rgb(62, 62, 62);\"> y <\/span><strong style=\"color: rgb(62, 62, 62);\">memorias t\u00e9cnicas<\/strong><span style=\"color: rgb(62, 62, 62);\"> de reformas y obras p\u00fablicas.  <\/span><\/p>\n<\/div>\n<\/div>\n<div class=\"brz-css-ohduf brz-css-sgyxw brz-wrapper\">\n<div class=\"brz-rich-text brz-css-qpbbq\" data-custom-id=\"yymwnpspdjpjzogmmirmwwrfawcmatzncnsx\">\n<ul>\n<li><strong>2012<\/strong> &#8211; Colaboraci\u00f3n en Estudio de Arquitectura de <strong><em>\u00abFederico Wulff + Melina Guirnaldos\u00bb<\/em><\/strong>. Granada.<\/li>\n<\/ul>\n<\/div>\n<\/div>\n<div class=\"brz-css-ohduf brz-css-liyjy brz-wrapper\">\n<div class=\"brz-rich-text brz-css-qpbbq\" data-custom-id=\"vuirgmlzxtltxilcvfygqbmtlbxszdosasrf\">\n<p><span style=\"color: rgb(62, 62, 62);\">&#8211; Colaboraci\u00f3n en <\/span><strong style=\"color: rgb(62, 62, 62);\">Concurso: Nuevo M\u00e1ster Plan<\/strong><span style=\"color: rgb(62, 62, 62);\"> del \u00c1rea Gubernamental \u2013 Eje Bulnes<\/span><\/p>\n<p class=\"brz-text-lg-justify\"><span style=\"color: rgb(62, 62, 62);\">(Santiago de Chile) con la obtenci\u00f3n de una <\/span><strong style=\"color: rgb(62, 62, 62);\">Menci\u00f3n Honor\u00edfica<\/strong><span style=\"color: rgb(62, 62, 62);\">. (<\/span><a href=\"https:\/\/www.plataformaarquitectura.cl\/cl\/02-225059\/mencion-concurso-plan-maestro-eje-bulnes-cristian-suau-federico-wulff-melina-guirnaldos-stephanie-tunka\" target=\"_blank\" style=\"color: rgb(62, 62, 62);\" class=\"link--external\" data-brz-link-type=\"external\"><em>ver proyecto aqu\u00ed<\/em><\/a><span style=\"color: rgb(62, 62, 62);\">)<\/span><\/p>\n<\/div>\n<\/div>\n<div class=\"brz-css-ohduf brz-css-jjksj brz-wrapper\">\n<div class=\"brz-rich-text brz-css-qpbbq\" data-custom-id=\"jnxvzicovcldweyuqobsbkxphpmvzfydrjoo\">\n<ul>\n<li><strong>2010 <\/strong>&#8211; Colaboraci\u00f3n en Estudio de Arquitectura de <strong><em>\u00abCUAC ARQUITECTURA: Tom\u00e1s Garc\u00eda Piriz + Javier Castellano Pulido\u00bb<\/em>. <\/strong>Granada.<\/li>\n<\/ul>\n<\/div>\n<\/div>\n<div class=\"brz-css-ohduf brz-css-hxaqb brz-wrapper\">\n<div class=\"brz-rich-text brz-css-qpbbq\" data-custom-id=\"eeazedeykhvlfftafmlpklclankgjzdisfql\">\n<p><span style=\"color: rgb(62, 62, 62);\">&#8211; Colaboraci\u00f3n en la Construcci\u00f3n del <\/span><strong style=\"color: rgb(62, 62, 62);\">Pabell\u00f3n de Briks<\/strong><span style=\"color: rgb(62, 62, 62);\"> obteniendo el premio de <\/span><strong style=\"color: rgb(62, 62, 62);\"><em>Guiness World Record<\/em><\/strong><span style=\"color: rgb(62, 62, 62);\">. <\/span><\/p>\n<\/div>\n<\/div>\n<\/div>\n<\/div>\n<div class=\"brz-columns brz-css-xaric brz-css-aqbme\" data-custom-id=\"qziiaphpllxctisktqhhivtgubpvslsquwds\">\n<div class=\"brz-column__items brz-css-dvjim brz-css-jaoql\">\n<div class=\"brz-css-ohduf brz-css-pbuql brz-css-swazs brz-wrapper\">\n<div class=\"brz-spacer brz-css-daewq brz-css-laywm\"><\/div>\n<\/div>\n<div class=\"brz-css-ohduf brz-css-thmkb brz-wrapper\">\n<div class=\"brz-image brz-image__lightbox brz-css-crilx\"><a class=\"brz-a\" href=\"https:\/\/adolfoviciana.com\/wp-content\/uploads\/brizy\/2246\/assets\/images\/iW=5000&#038;iH=any\/878b5de8cc9e07e1672817f2c3971493e9577f88.jpeg\" data-brz-link-type=\"lightBox\" data-custom-id=\"arlbyzorxwvnsyzlgvlwtnfvsabbzrnfwcfj\"><picture class=\"brz-picture brz-d-block brz-p-relative brz-css-owicx\"><source srcset=\"https:\/\/adolfoviciana.com\/wp-content\/uploads\/brizy\/2246\/assets\/images\/iW=628&#038;iH=696&#038;oX=0&#038;oY=98&#038;cW=628&#038;cH=501\/878b5de8cc9e07e1672817f2c3971493e9577f88.jpeg 1x, https:\/\/adolfoviciana.com\/wp-content\/uploads\/brizy\/2246\/assets\/images\/iW=1256&#038;iH=1392&#038;oX=0&#038;oY=196&#038;cW=1256&#038;cH=1002\/878b5de8cc9e07e1672817f2c3971493e9577f88.jpeg 2x\" media=\"(min-width: 992px)\" \/><source srcset=\"https:\/\/adolfoviciana.com\/?brizy_media=878b5de8cc9e07e1672817f2c3971493e9577f88.jpeg&#038;brizy_crop=iW%3D708%26iH%3D785%26oX%3D0%26oY%3D110%26cW%3D708%26cH%3D565&#038;brizy_post=2246 1x, https:\/\/adolfoviciana.com\/?brizy_media=878b5de8cc9e07e1672817f2c3971493e9577f88.jpeg&#038;brizy_crop=iW%3D1416%26iH%3D1570%26oX%3D0%26oY%3D220%26cW%3D1416%26cH%3D1130&#038;brizy_post=2246 2x\" media=\"(min-width: 768px)\" \/><img class=\"brz-img brz-p-absolute\" srcset=\"https:\/\/adolfoviciana.com\/wp-content\/uploads\/brizy\/2246\/assets\/images\/iW=350&#038;iH=387&#038;oX=0&#038;oY=0&#038;cW=350&#038;cH=387\/878b5de8cc9e07e1672817f2c3971493e9577f88.jpeg 1x, https:\/\/adolfoviciana.com\/wp-content\/uploads\/brizy\/2246\/assets\/images\/iW=700&#038;iH=774&#038;oX=0&#038;oY=0&#038;cW=700&#038;cH=774\/878b5de8cc9e07e1672817f2c3971493e9577f88.jpeg 2x\" src=\"https:\/\/adolfoviciana.com\/wp-content\/uploads\/brizy\/2246\/assets\/images\/iW=628&#038;iH=696&#038;oX=0&#038;oY=98&#038;cW=628&#038;cH=501\/878b5de8cc9e07e1672817f2c3971493e9577f88.jpeg\" alt=\"\" draggable=\"false\" loading=\"lazy\" \/><\/picture><\/a><\/div>\n<\/div>\n<\/div>\n<\/div>\n<\/div>\n<\/div>\n<\/div>\n<\/div>\n<\/section>\n<\/div>\n<p><!-- version:1687296714 --><\/p>\n","protected":false},"excerpt":{"rendered":"<p>\u00a0Experiencia Profesional 2010\/2021 2018\/2021 &#8211; Arquitecto en el estudio de arquitectura \u201cMoral Arquitectos\u201d en Benalm\u00e1dena (M\u00e1laga). &#8211; Redacci\u00f3n de diferentes tipos de proyectos: Proyectos residenciales, Cambios de uso, Legalizaciones, Agrupaci\u00f3n de parcelas y Certificados Energ\u00e9ticos. &#8211; Participaci\u00f3n Activa en el desarrollo de Proyectos B\u00e1sicos y de Ejecuci\u00f3n con Autodesk Revit e incluyendo c\u00e1lculo de instalaciones y estructuras con el programa CypeCad. &#8211; Elaboraci\u00f3n de infograf\u00edas realistas con diferentes programas de dise\u00f1o como Revit, Lumion o SketchUp. 2018 &#8211; Arquitecto en la Gerencia de Urbanismo del Ayuntamiento de M\u00e1laga participando en: &#8211; An\u00e1lisis del territorio con distintas herramientas GIS utilizando softwares\u2026<\/p>\n","protected":false},"author":1,"featured_media":0,"parent":0,"menu_order":0,"comment_status":"closed","ping_status":"closed","template":"","meta":{"qubely_global_settings":"","qubely_interactions":"","extendify_custom_stylesheet":""},"blocksy_meta":{"styles_descriptor":{"styles":{"desktop":"","tablet":"","mobile":""},"google_fonts":[]}},"featured_image_urls":{"full":"","thumbnail":"","medium":"","medium_large":"","large":"","1536x1536":"","2048x2048":"","qubely_landscape":"","qubely_portrait":"","qubely_thumbnail":"","woocommerce_thumbnail":"","woocommerce_single":"","woocommerce_gallery_thumbnail":"","shop_catalog":"","shop_single":"","shop_thumbnail":""},"post_excerpt_stackable":"<p>\u00a0Experiencia Profesional 2010\/2021 2018\/2021 &#8211; Arquitecto en el estudio de arquitectura \u201cMoral Arquitectos\u201d en Benalm\u00e1dena (M\u00e1laga). &#8211; Redacci\u00f3n de diferentes tipos de proyectos: Proyectos residenciales, Cambios de uso, Legalizaciones, Agrupaci\u00f3n de parcelas y Certificados Energ\u00e9ticos. &#8211; Participaci\u00f3n Activa en el desarrollo de Proyectos B\u00e1sicos y de Ejecuci\u00f3n con Autodesk Revit e incluyendo c\u00e1lculo de instalaciones y estructuras con el programa CypeCad. &#8211; Elaboraci\u00f3n de infograf\u00edas realistas con diferentes programas de dise\u00f1o como Revit, Lumion o SketchUp. 2018 &#8211; Arquitecto en la Gerencia de Urbanismo del Ayuntamiento de M\u00e1laga participando en: &#8211; An\u00e1lisis del territorio con distintas herramientas GIS utilizando softwares&hellip;<\/p>\n","category_list":"","author_info":{"name":"Adolfo Viciana","url":"https:\/\/adolfoviciana.com\/index.php\/author\/admin\/"},"comments_num":"0 comentarios","yoast_head":"<!-- This site is optimized with the Yoast SEO plugin v16.7 - https:\/\/yoast.com\/wordpress\/plugins\/seo\/ -->\n<title>Experiencia Profesional. Aytos. estudio<\/title>\n<meta name=\"description\" content=\"He desarrollado mi experiencia profesional en los Aytos. de Almer\u00eda y M\u00e1laga y en el estudio &quot;Moral Arquitectos&quot;\" \/>\n<meta name=\"robots\" content=\"index, follow, max-snippet:-1, max-image-preview:large, max-video-preview:-1\" \/>\n<link rel=\"canonical\" href=\"https:\/\/adolfoviciana.com\/index.php\/experiencia\/\" \/>\n<meta property=\"og:locale\" content=\"es_ES\" \/>\n<meta property=\"og:type\" content=\"article\" \/>\n<meta property=\"og:title\" content=\"Experiencia Profesional. Aytos. estudio\" \/>\n<meta property=\"og:description\" content=\"He desarrollado mi experiencia profesional en los Aytos. de Almer\u00eda y M\u00e1laga y en el estudio &quot;Moral Arquitectos&quot;\" \/>\n<meta property=\"og:url\" content=\"https:\/\/adolfoviciana.com\/index.php\/experiencia\/\" \/>\n<meta property=\"og:site_name\" content=\"Adolfo Viciana Arquitecto\" \/>\n<meta property=\"article:modified_time\" content=\"2021-07-25T09:37:16+00:00\" \/>\n<meta property=\"og:image\" content=\"https:\/\/adolfoviciana.com\/wp-content\/uploads\/brizy\/2246\/assets\/images\/iW=628&#038;iH=696&#038;oX=0&#038;oY=98&#038;cW=628&#038;cH=501\/878b5de8cc9e07e1672817f2c3971493e9577f88.jpeg\" \/>\n<meta name=\"twitter:card\" content=\"summary_large_image\" \/>\n<meta name=\"twitter:label1\" content=\"Tiempo de lectura\" \/>\n\t<meta name=\"twitter:data1\" content=\"2 minutos\" \/>\n<script type=\"application\/ld+json\" class=\"yoast-schema-graph\">{\"@context\":\"https:\/\/schema.org\",\"@graph\":[{\"@type\":[\"Person\",\"Organization\"],\"@id\":\"https:\/\/adolfoviciana.com\/#\/schema\/person\/1684b606ba4651f3c95be8731cf627b7\",\"name\":\"Adolfo Viciana\",\"image\":{\"@type\":\"ImageObject\",\"@id\":\"https:\/\/adolfoviciana.com\/#personlogo\",\"inLanguage\":\"es\",\"url\":\"https:\/\/adolfoviciana.com\/wp-content\/uploads\/2021\/06\/ADOLFO6_Retoque-adolf_Recortada.jpg\",\"contentUrl\":\"https:\/\/adolfoviciana.com\/wp-content\/uploads\/2021\/06\/ADOLFO6_Retoque-adolf_Recortada.jpg\",\"width\":1385,\"height\":1209,\"caption\":\"Adolfo Viciana\"},\"logo\":{\"@id\":\"https:\/\/adolfoviciana.com\/#personlogo\"},\"sameAs\":[\"http:\/\/adolfoviciana.com\",\"https:\/\/www.linkedin.com\/in\/avicianaabad\/\"]},{\"@type\":\"WebSite\",\"@id\":\"https:\/\/adolfoviciana.com\/#website\",\"url\":\"https:\/\/adolfoviciana.com\/\",\"name\":\"ADOLFO VICIANA\",\"description\":\"Adolfo Viciana Arquitecto\",\"publisher\":{\"@id\":\"https:\/\/adolfoviciana.com\/#\/schema\/person\/1684b606ba4651f3c95be8731cf627b7\"},\"potentialAction\":[{\"@type\":\"SearchAction\",\"target\":{\"@type\":\"EntryPoint\",\"urlTemplate\":\"https:\/\/adolfoviciana.com\/?s={search_term_string}\"},\"query-input\":\"required name=search_term_string\"}],\"inLanguage\":\"es\"},{\"@type\":\"ImageObject\",\"@id\":\"https:\/\/adolfoviciana.com\/index.php\/experiencia\/#primaryimage\",\"inLanguage\":\"es\",\"url\":\"https:\/\/adolfoviciana.com\/wp-content\/uploads\/brizy\/2246\/assets\/images\/iW=628&iH=696&oX=0&oY=98&cW=628&cH=501\/878b5de8cc9e07e1672817f2c3971493e9577f88.jpeg\",\"contentUrl\":\"https:\/\/adolfoviciana.com\/wp-content\/uploads\/brizy\/2246\/assets\/images\/iW=628&iH=696&oX=0&oY=98&cW=628&cH=501\/878b5de8cc9e07e1672817f2c3971493e9577f88.jpeg\"},{\"@type\":\"WebPage\",\"@id\":\"https:\/\/adolfoviciana.com\/index.php\/experiencia\/#webpage\",\"url\":\"https:\/\/adolfoviciana.com\/index.php\/experiencia\/\",\"name\":\"Experiencia Profesional. Aytos. estudio\",\"isPartOf\":{\"@id\":\"https:\/\/adolfoviciana.com\/#website\"},\"primaryImageOfPage\":{\"@id\":\"https:\/\/adolfoviciana.com\/index.php\/experiencia\/#primaryimage\"},\"datePublished\":\"2021-06-18T09:03:20+00:00\",\"dateModified\":\"2021-07-25T09:37:16+00:00\",\"description\":\"He desarrollado mi experiencia profesional en los Aytos. de Almer\\u00eda y M\\u00e1laga y en el estudio \\\"Moral Arquitectos\\\"\",\"breadcrumb\":{\"@id\":\"https:\/\/adolfoviciana.com\/index.php\/experiencia\/#breadcrumb\"},\"inLanguage\":\"es\",\"potentialAction\":[{\"@type\":\"ReadAction\",\"target\":[\"https:\/\/adolfoviciana.com\/index.php\/experiencia\/\"]}]},{\"@type\":\"BreadcrumbList\",\"@id\":\"https:\/\/adolfoviciana.com\/index.php\/experiencia\/#breadcrumb\",\"itemListElement\":[{\"@type\":\"ListItem\",\"position\":1,\"name\":\"Portada\",\"item\":\"https:\/\/adolfoviciana.com\/\"},{\"@type\":\"ListItem\",\"position\":2,\"name\":\"Conocimientos\"}]}]}<\/script>\n<!-- \/ Yoast SEO plugin. -->","yoast_head_json":{"title":"Experiencia Profesional. Aytos. estudio","description":"He desarrollado mi experiencia profesional en los Aytos. de Almer\u00eda y M\u00e1laga y en el estudio \"Moral Arquitectos\"","robots":{"index":"index","follow":"follow","max-snippet":"max-snippet:-1","max-image-preview":"max-image-preview:large","max-video-preview":"max-video-preview:-1"},"canonical":"https:\/\/adolfoviciana.com\/index.php\/experiencia\/","og_locale":"es_ES","og_type":"article","og_title":"Experiencia Profesional. Aytos. estudio","og_description":"He desarrollado mi experiencia profesional en los Aytos. de Almer\u00eda y M\u00e1laga y en el estudio \"Moral Arquitectos\"","og_url":"https:\/\/adolfoviciana.com\/index.php\/experiencia\/","og_site_name":"Adolfo Viciana Arquitecto","article_modified_time":"2021-07-25T09:37:16+00:00","og_image":[{"url":"https:\/\/adolfoviciana.com\/wp-content\/uploads\/brizy\/2246\/assets\/images\/iW=628&iH=696&oX=0&oY=98&cW=628&cH=501\/878b5de8cc9e07e1672817f2c3971493e9577f88.jpeg"}],"twitter_card":"summary_large_image","twitter_misc":{"Tiempo de lectura":"2 minutos"},"schema":{"@context":"https:\/\/schema.org","@graph":[{"@type":["Person","Organization"],"@id":"https:\/\/adolfoviciana.com\/#\/schema\/person\/1684b606ba4651f3c95be8731cf627b7","name":"Adolfo Viciana","image":{"@type":"ImageObject","@id":"https:\/\/adolfoviciana.com\/#personlogo","inLanguage":"es","url":"https:\/\/adolfoviciana.com\/wp-content\/uploads\/2021\/06\/ADOLFO6_Retoque-adolf_Recortada.jpg","contentUrl":"https:\/\/adolfoviciana.com\/wp-content\/uploads\/2021\/06\/ADOLFO6_Retoque-adolf_Recortada.jpg","width":1385,"height":1209,"caption":"Adolfo Viciana"},"logo":{"@id":"https:\/\/adolfoviciana.com\/#personlogo"},"sameAs":["http:\/\/adolfoviciana.com","https:\/\/www.linkedin.com\/in\/avicianaabad\/"]},{"@type":"WebSite","@id":"https:\/\/adolfoviciana.com\/#website","url":"https:\/\/adolfoviciana.com\/","name":"ADOLFO VICIANA","description":"Adolfo Viciana Arquitecto","publisher":{"@id":"https:\/\/adolfoviciana.com\/#\/schema\/person\/1684b606ba4651f3c95be8731cf627b7"},"potentialAction":[{"@type":"SearchAction","target":{"@type":"EntryPoint","urlTemplate":"https:\/\/adolfoviciana.com\/?s={search_term_string}"},"query-input":"required name=search_term_string"}],"inLanguage":"es"},{"@type":"ImageObject","@id":"https:\/\/adolfoviciana.com\/index.php\/experiencia\/#primaryimage","inLanguage":"es","url":"https:\/\/adolfoviciana.com\/wp-content\/uploads\/brizy\/2246\/assets\/images\/iW=628&iH=696&oX=0&oY=98&cW=628&cH=501\/878b5de8cc9e07e1672817f2c3971493e9577f88.jpeg","contentUrl":"https:\/\/adolfoviciana.com\/wp-content\/uploads\/brizy\/2246\/assets\/images\/iW=628&iH=696&oX=0&oY=98&cW=628&cH=501\/878b5de8cc9e07e1672817f2c3971493e9577f88.jpeg"},{"@type":"WebPage","@id":"https:\/\/adolfoviciana.com\/index.php\/experiencia\/#webpage","url":"https:\/\/adolfoviciana.com\/index.php\/experiencia\/","name":"Experiencia Profesional. Aytos. estudio","isPartOf":{"@id":"https:\/\/adolfoviciana.com\/#website"},"primaryImageOfPage":{"@id":"https:\/\/adolfoviciana.com\/index.php\/experiencia\/#primaryimage"},"datePublished":"2021-06-18T09:03:20+00:00","dateModified":"2021-07-25T09:37:16+00:00","description":"He desarrollado mi experiencia profesional en los Aytos. de Almer\u00eda y M\u00e1laga y en el estudio \"Moral Arquitectos\"","breadcrumb":{"@id":"https:\/\/adolfoviciana.com\/index.php\/experiencia\/#breadcrumb"},"inLanguage":"es","potentialAction":[{"@type":"ReadAction","target":["https:\/\/adolfoviciana.com\/index.php\/experiencia\/"]}]},{"@type":"BreadcrumbList","@id":"https:\/\/adolfoviciana.com\/index.php\/experiencia\/#breadcrumb","itemListElement":[{"@type":"ListItem","position":1,"name":"Portada","item":"https:\/\/adolfoviciana.com\/"},{"@type":"ListItem","position":2,"name":"Conocimientos"}]}]}},"_links":{"self":[{"href":"https:\/\/adolfoviciana.com\/index.php\/wp-json\/wp\/v2\/pages\/2246"}],"collection":[{"href":"https:\/\/adolfoviciana.com\/index.php\/wp-json\/wp\/v2\/pages"}],"about":[{"href":"https:\/\/adolfoviciana.com\/index.php\/wp-json\/wp\/v2\/types\/page"}],"author":[{"embeddable":true,"href":"https:\/\/adolfoviciana.com\/index.php\/wp-json\/wp\/v2\/users\/1"}],"replies":[{"embeddable":true,"href":"https:\/\/adolfoviciana.com\/index.php\/wp-json\/wp\/v2\/comments?post=2246"}],"version-history":[{"count":21,"href":"https:\/\/adolfoviciana.com\/index.php\/wp-json\/wp\/v2\/pages\/2246\/revisions"}],"predecessor-version":[{"id":4886,"href":"https:\/\/adolfoviciana.com\/index.php\/wp-json\/wp\/v2\/pages\/2246\/revisions\/4886"}],"wp:attachment":[{"href":"https:\/\/adolfoviciana.com\/index.php\/wp-json\/wp\/v2\/media?parent=2246"}],"curies":[{"name":"wp","href":"https:\/\/api.w.org\/{rel}","templated":true}]}}